{"id":112,"date":"2024-12-18T19:30:56","date_gmt":"2024-12-18T19:30:56","guid":{"rendered":"https:\/\/westmangroup.com\/?page_id=112"},"modified":"2024-12-20T17:32:03","modified_gmt":"2024-12-20T17:32:03","slug":"armtec","status":"publish","type":"page","link":"https:\/\/www.westmangroup.com\/fr\/armtec\/","title":{"rendered":"Armtec"},"content":{"rendered":"<p>Avec des op\u00e9rations d&rsquo;un oc\u00e9an \u00e0 l&rsquo;autre, Armtec est un fabricant national de premier plan offrant une large gamme de produits d&rsquo;infrastructure et de solutions de construction techniques pour des clients dans divers secteurs industriels. Notre \u00e9quipe d\u00e9di\u00e9e se concentre sur votre r\u00e9ussite, faisant d&rsquo;Armtec-Canada Culvert un partenaire de confiance pour les secteurs du transport, des travaux publics, de la foresterie, du p\u00e9trole et du gaz, ainsi que des op\u00e9rations mini\u00e8res \u00e0 travers le pays et \u00e0 l&rsquo;international.<\/p>\n<p>Gr\u00e2ce \u00e0 notre r\u00e9seau de bureaux r\u00e9gionaux et d&rsquo;installations de production \u00e0 travers le pays, la vaste gamme de solutions techniques d&rsquo;Armtec inclut des produits pour le drainage, les applications de ponts, la r\u00e9tention des sols, la r\u00e9habilitation et les syst\u00e8mes de gestion de l&rsquo;eau, y compris le tuyau en acier ondul\u00e9 SteelCor (CSP), les tuyaux en acier ondul\u00e9 \u00e0 plaques multiples (SPCSP), les plaques structurales pour ponts Deep Corrugated Structural Plate (DCSP) et bien plus encore. Depuis 1908, notre engagement envers la qualit\u00e9, le service client et l&rsquo;innovation a \u00e9tabli la r\u00e9f\u00e9rence dans le domaine du drainage et des ponts au Canada.<\/p>\n<p>Plus d&rsquo;informations sont disponibles sur le <a class=\"text-dark text-underline\" href=\"https:\/\/armtec.com\/\" target=\"_blank\" rel=\"noopener\">site web d&rsquo;Armtec<\/a>.<\/p>\n","protected":false},"excerpt":{"rendered":"<p>Avec des op\u00e9rations d&rsquo;un oc\u00e9an \u00e0 l&rsquo;autre, Armtec est un fabricant national de premier plan offrant une large gamme de produits d&rsquo;infrastructure et de solutions de construction techniques pour des clients dans divers secteurs industriels. Notre \u00e9quipe d\u00e9di\u00e9e se concentre sur votre r\u00e9ussite, faisant d&rsquo;Armtec-Canada Culvert un partenaire de confiance pour les secteurs du transport, [&hellip;]<\/p>\n","protected":false},"author":1,"featured_media":0,"parent":0,"menu_order":0,"comment_status":"closed","ping_status":"closed","template":"template-group.php","meta":{"_acf_changed":false,"footnotes":""},"class_list":["post-112","page","type-page","status-publish","hentry"],"acf":[],"_links":{"self":[{"href":"https:\/\/www.westmangroup.com\/fr\/wp-json\/wp\/v2\/pages\/112","targetHints":{"allow":["GET"]}}],"collection":[{"href":"https:\/\/www.westmangroup.com\/fr\/wp-json\/wp\/v2\/pages"}],"about":[{"href":"https:\/\/www.westmangroup.com\/fr\/wp-json\/wp\/v2\/types\/page"}],"author":[{"embeddable":true,"href":"https:\/\/www.westmangroup.com\/fr\/wp-json\/wp\/v2\/users\/1"}],"replies":[{"embeddable":true,"href":"https:\/\/www.westmangroup.com\/fr\/wp-json\/wp\/v2\/comments?post=112"}],"version-history":[{"count":4,"href":"https:\/\/www.westmangroup.com\/fr\/wp-json\/wp\/v2\/pages\/112\/revisions"}],"predecessor-version":[{"id":301,"href":"https:\/\/www.westmangroup.com\/fr\/wp-json\/wp\/v2\/pages\/112\/revisions\/301"}],"wp:attachment":[{"href":"https:\/\/www.westmangroup.com\/fr\/wp-json\/wp\/v2\/media?parent=112"}],"curies":[{"name":"wp","href":"https:\/\/api.w.org\/{rel}","templated":true}]}}