{"id":160,"date":"2024-12-19T21:00:07","date_gmt":"2024-12-19T21:00:07","guid":{"rendered":"https:\/\/westmangroup.com\/?page_id=160"},"modified":"2024-12-19T21:02:49","modified_gmt":"2024-12-19T21:02:49","slug":"artspan-inc","status":"publish","type":"page","link":"https:\/\/www.westmangroup.com\/fr\/artspan-inc\/","title":{"rendered":"Artspan Inc."},"content":{"rendered":"<p>Artspan est un fabricant de premier plan de panneaux d&rsquo;acier isol\u00e9s structurels offrant des solutions d&rsquo;enveloppe de b\u00e2timent exceptionnelles pour des applications r\u00e9sidentielles, commerciales et industrielles. Nous nous engageons \u00e0 fournir des produits innovants de haute qualit\u00e9 et sommes fiers d&rsquo;offrir un service exemplaire \u00e0 nos clients.<\/p>\n<p>Notre histoire a commenc\u00e9 en 2006 lorsque Art Paetkau a fond\u00e9 Eagle Mountain Structural Insulated Panel Systems (EMSIPS). Art s&rsquo;est investi avec passion dans le d\u00e9veloppement de panneaux d&rsquo;acier isol\u00e9s de haute qualit\u00e9 et a \u00e9t\u00e9 un pionnier dans l&rsquo;int\u00e9gration de ces produits isol\u00e9s structurels dans les syst\u00e8mes de construction r\u00e9sidentiels et commerciaux.<\/p>\n<p>Le 1er mars 2017, les actifs de fabrication et les inventaires d\u2019EMSIPS ont \u00e9t\u00e9 acquis par WGI Westman Group Inc. Ce changement de propri\u00e9t\u00e9 permettra \u00e0 l\u2019entreprise d\u2019\u00e9largir ses capacit\u00e9s de production et de renforcer son engagement envers la croissance et la productivit\u00e9. Dans le but de mieux refl\u00e9ter l&rsquo;\u00e9volution des produits EMSIPS, WGI Westman Group Inc. a d\u00e9cid\u00e9 de renommer l\u2019entreprise Artspan Inc.<\/p>\n<p>Pour plus d&rsquo;informations, consultez le site web de <a class=\"link-dark\" href=\"https:\/\/www.artspaninc.com\" target=\"_blank\" rel=\"noopener\">Artspan Inc.<\/a><\/p>\n","protected":false},"excerpt":{"rendered":"<p>Artspan est un fabricant de premier plan de panneaux d&rsquo;acier isol\u00e9s structurels offrant des solutions d&rsquo;enveloppe de b\u00e2timent exceptionnelles pour des applications r\u00e9sidentielles, commerciales et industrielles. Nous nous engageons \u00e0 fournir des produits innovants de haute qualit\u00e9 et sommes fiers d&rsquo;offrir un service exemplaire \u00e0 nos clients. Notre histoire a commenc\u00e9 en 2006 lorsque Art [&hellip;]<\/p>\n","protected":false},"author":1,"featured_media":0,"parent":0,"menu_order":0,"comment_status":"closed","ping_status":"closed","template":"template-group.php","meta":{"_acf_changed":false,"footnotes":""},"class_list":["post-160","page","type-page","status-publish","hentry"],"acf":[],"_links":{"self":[{"href":"https:\/\/www.westmangroup.com\/fr\/wp-json\/wp\/v2\/pages\/160","targetHints":{"allow":["GET"]}}],"collection":[{"href":"https:\/\/www.westmangroup.com\/fr\/wp-json\/wp\/v2\/pages"}],"about":[{"href":"https:\/\/www.westmangroup.com\/fr\/wp-json\/wp\/v2\/types\/page"}],"author":[{"embeddable":true,"href":"https:\/\/www.westmangroup.com\/fr\/wp-json\/wp\/v2\/users\/1"}],"replies":[{"embeddable":true,"href":"https:\/\/www.westmangroup.com\/fr\/wp-json\/wp\/v2\/comments?post=160"}],"version-history":[{"count":4,"href":"https:\/\/www.westmangroup.com\/fr\/wp-json\/wp\/v2\/pages\/160\/revisions"}],"predecessor-version":[{"id":164,"href":"https:\/\/www.westmangroup.com\/fr\/wp-json\/wp\/v2\/pages\/160\/revisions\/164"}],"wp:attachment":[{"href":"https:\/\/www.westmangroup.com\/fr\/wp-json\/wp\/v2\/media?parent=160"}],"curies":[{"name":"wp","href":"https:\/\/api.w.org\/{rel}","templated":true}]}}