{"id":179,"date":"2024-12-19T21:09:05","date_gmt":"2024-12-19T21:09:05","guid":{"rendered":"https:\/\/westmangroup.com\/?page_id=179"},"modified":"2024-12-19T21:10:28","modified_gmt":"2024-12-19T21:10:28","slug":"behlen-industries","status":"publish","type":"page","link":"https:\/\/www.westmangroup.com\/fr\/behlen-industries\/","title":{"rendered":"BEHLEN Industries"},"content":{"rendered":"<p>Fond\u00e9e en 1969 \u00e0 Brandon, au Manitoba, BEHLEN Industries LP est le plus grand fabricant canadien de syst\u00e8mes de b\u00e2timents en acier. Les b\u00e2timents BEHLEN sont extensibles, \u00e9co\u00e9nerg\u00e9tiques et faciles \u00e0 construire, tout en offrant une flexibilit\u00e9 architecturale remarquable. Gr\u00e2ce \u00e0 leur conception polyvalente, ils conviennent \u00e0 une multitude d\u2019applications et de secteurs industriels. BEHLEN a \u00e9t\u00e9 cr\u00e9\u00e9e en tant qu\u2019entreprise familiale et continue d\u2019\u00eatre exploit\u00e9e sous ce mod\u00e8le.<\/p>\n<p>Distribu\u00e9s par un r\u00e9seau solide et \u00e9tendu de concessionnaires, et soutenus par des directeurs r\u00e9gionaux des ventes qualifi\u00e9s, des ing\u00e9nieurs et des repr\u00e9sentants de soutien technique, les b\u00e2timents BEHLEN sont le choix de premier ordre pour les structures en acier pr\u00e9fabriqu\u00e9es \u00e0 travers le Canada et au-del\u00e0.<\/p>\n<p>En tant que fabricant de deux syst\u00e8mes de b\u00e2timents distincts, BEHLEN propose des solutions adaptables pour tous les projets. Les syst\u00e8mes de b\u00e2timents \u00e0 cadre rigide et sans cadre offrent des avantages in\u00e9gal\u00e9s, fournissant des r\u00e9sultats rentables pour les march\u00e9s industriels, commerciaux, r\u00e9cr\u00e9atifs et institutionnels. Par ailleurs, leur division de fabrication personnalis\u00e9e en acier est capable de r\u00e9pondre \u00e0 tout autre besoin en acier manufactur\u00e9.<\/p>\n<p>Plus d&rsquo;informations disponibles sur le site web de <a class=\"link-dark\" href=\"https:\/\/behlen.ca\" target=\"_blank\" rel=\"noopener\">Behlen Industries<\/a>.<\/p>\n","protected":false},"excerpt":{"rendered":"<p>Fond\u00e9e en 1969 \u00e0 Brandon, au Manitoba, BEHLEN Industries LP est le plus grand fabricant canadien de syst\u00e8mes de b\u00e2timents en acier. Les b\u00e2timents BEHLEN sont extensibles, \u00e9co\u00e9nerg\u00e9tiques et faciles \u00e0 construire, tout en offrant une flexibilit\u00e9 architecturale remarquable. Gr\u00e2ce \u00e0 leur conception polyvalente, ils conviennent \u00e0 une multitude d\u2019applications et de secteurs industriels. BEHLEN [&hellip;]<\/p>\n","protected":false},"author":1,"featured_media":0,"parent":0,"menu_order":0,"comment_status":"closed","ping_status":"closed","template":"template-group.php","meta":{"_acf_changed":false,"footnotes":""},"class_list":["post-179","page","type-page","status-publish","hentry"],"acf":[],"_links":{"self":[{"href":"https:\/\/www.westmangroup.com\/fr\/wp-json\/wp\/v2\/pages\/179","targetHints":{"allow":["GET"]}}],"collection":[{"href":"https:\/\/www.westmangroup.com\/fr\/wp-json\/wp\/v2\/pages"}],"about":[{"href":"https:\/\/www.westmangroup.com\/fr\/wp-json\/wp\/v2\/types\/page"}],"author":[{"embeddable":true,"href":"https:\/\/www.westmangroup.com\/fr\/wp-json\/wp\/v2\/users\/1"}],"replies":[{"embeddable":true,"href":"https:\/\/www.westmangroup.com\/fr\/wp-json\/wp\/v2\/comments?post=179"}],"version-history":[{"count":3,"href":"https:\/\/www.westmangroup.com\/fr\/wp-json\/wp\/v2\/pages\/179\/revisions"}],"predecessor-version":[{"id":182,"href":"https:\/\/www.westmangroup.com\/fr\/wp-json\/wp\/v2\/pages\/179\/revisions\/182"}],"wp:attachment":[{"href":"https:\/\/www.westmangroup.com\/fr\/wp-json\/wp\/v2\/media?parent=179"}],"curies":[{"name":"wp","href":"https:\/\/api.w.org\/{rel}","templated":true}]}}