{"id":200,"date":"2024-12-19T21:19:36","date_gmt":"2024-12-19T21:19:36","guid":{"rendered":"https:\/\/westmangroup.com\/?page_id=200"},"modified":"2024-12-19T21:20:43","modified_gmt":"2024-12-19T21:20:43","slug":"convey-all","status":"publish","type":"page","link":"https:\/\/www.westmangroup.com\/fr\/convey-all\/","title":{"rendered":"Convey-All"},"content":{"rendered":"<p><strong>Convey-All Industries Inc.<\/strong> est l&rsquo;un des principaux fabricants de syst\u00e8mes de convoyage sur mesure en Am\u00e9rique du Nord. Bas\u00e9e \u00e0 Winkler, au Manitoba, l&rsquo;entreprise exporte ses produits vers des destinations en Am\u00e9rique du Nord ainsi que dans plusieurs pays, notamment le Mexique, le Kazakhstan, la Pologne, l&rsquo;Allemagne, la Turquie, l&rsquo;Afrique du Sud et l&rsquo;Australie.<\/p>\n<p>Convey-All a \u00e9t\u00e9 le premier fabricant canadien \u00e0 produire des convoyeurs agricoles \u00e0 tube, et a depuis d\u00e9velopp\u00e9 une gamme diversifi\u00e9e de produits pour les secteurs agricoles et p\u00e9troliers.<\/p>\n<p>Gr\u00e2ce \u00e0 son engagement envers la satisfaction client, \u00e0 l\u2019offre de solutions innovantes et \u00e0 sa volont\u00e9 de relever de nouveaux d\u00e9fis, Convey-All a prouv\u00e9 qu&rsquo;elle est un v\u00e9ritable concurrent sur le march\u00e9 mondial de la fabrication.<\/p>\n<p>Plus d&rsquo;informations disponibles sur le <a class=\"link-dark\" href=\"https:\/\/convey-all.com\/\" target=\"_new\" rel=\"noopener\">site web de Convey-All<\/a>.<\/p>\n","protected":false},"excerpt":{"rendered":"<p>Convey-All Industries Inc. est l&rsquo;un des principaux fabricants de syst\u00e8mes de convoyage sur mesure en Am\u00e9rique du Nord. Bas\u00e9e \u00e0 Winkler, au Manitoba, l&rsquo;entreprise exporte ses produits vers des destinations en Am\u00e9rique du Nord ainsi que dans plusieurs pays, notamment le Mexique, le Kazakhstan, la Pologne, l&rsquo;Allemagne, la Turquie, l&rsquo;Afrique du Sud et l&rsquo;Australie. Convey-All [&hellip;]<\/p>\n","protected":false},"author":1,"featured_media":0,"parent":0,"menu_order":0,"comment_status":"closed","ping_status":"closed","template":"template-group.php","meta":{"_acf_changed":false,"footnotes":""},"class_list":["post-200","page","type-page","status-publish","hentry"],"acf":[],"_links":{"self":[{"href":"https:\/\/www.westmangroup.com\/fr\/wp-json\/wp\/v2\/pages\/200","targetHints":{"allow":["GET"]}}],"collection":[{"href":"https:\/\/www.westmangroup.com\/fr\/wp-json\/wp\/v2\/pages"}],"about":[{"href":"https:\/\/www.westmangroup.com\/fr\/wp-json\/wp\/v2\/types\/page"}],"author":[{"embeddable":true,"href":"https:\/\/www.westmangroup.com\/fr\/wp-json\/wp\/v2\/users\/1"}],"replies":[{"embeddable":true,"href":"https:\/\/www.westmangroup.com\/fr\/wp-json\/wp\/v2\/comments?post=200"}],"version-history":[{"count":3,"href":"https:\/\/www.westmangroup.com\/fr\/wp-json\/wp\/v2\/pages\/200\/revisions"}],"predecessor-version":[{"id":203,"href":"https:\/\/www.westmangroup.com\/fr\/wp-json\/wp\/v2\/pages\/200\/revisions\/203"}],"wp:attachment":[{"href":"https:\/\/www.westmangroup.com\/fr\/wp-json\/wp\/v2\/media?parent=200"}],"curies":[{"name":"wp","href":"https:\/\/api.w.org\/{rel}","templated":true}]}}