{"id":219,"date":"2024-12-19T21:26:32","date_gmt":"2024-12-19T21:26:32","guid":{"rendered":"https:\/\/westmangroup.com\/?page_id=219"},"modified":"2024-12-19T21:27:16","modified_gmt":"2024-12-19T21:27:16","slug":"meridian-manufacturing","status":"publish","type":"page","link":"https:\/\/www.westmangroup.com\/fr\/meridian-manufacturing\/","title":{"rendered":"Meridian Manufacturing"},"content":{"rendered":"<p>Meridian Manufacturing Inc. s&rsquo;engage \u00e0 fabriquer les produits de stockage et de manutention les plus innovants et de la plus haute qualit\u00e9 pour desservir les industries agricoles, industrielles et p\u00e9troli\u00e8res et gazi\u00e8res. Forts de plus de 65 ans d&rsquo;exp\u00e9rience, Meridian continue de repousser les limites des normes industrielles et d&rsquo;\u00e9lever la barre. Nous cherchons continuellement des moyens d&rsquo;am\u00e9liorer notre gamme de produits et d&rsquo;incorporer les derni\u00e8res avanc\u00e9es technologiques pour mieux servir nos clients. Votre succ\u00e8s est notre passion, c&rsquo;est pourquoi nous poursuivons sans rel\u00e2che notre objectif de mieux r\u00e9pondre \u00e0 vos besoins en constante \u00e9volution. L&rsquo;attention m\u00e9ticuleuse port\u00e9e \u00e0 la qualit\u00e9 et aux d\u00e9tails refl\u00e8te l&rsquo;attitude d&rsquo;une \u00e9quipe de production enthousiaste et qualifi\u00e9e, ce qui inspire confiance \u00e0 chaque client de Meridian quant \u00e0 la qualit\u00e9 et la fiabilit\u00e9 de nos produits. La soci\u00e9t\u00e9 m\u00e8re de Meridian, <strong>WGI Westman Group Inc.<\/strong>, bas\u00e9e \u00e0 Winnipeg, est reconnue comme membre Platine des \u00ab Meilleures entreprises g\u00e9r\u00e9es au Canada \u00bb.<\/p>\n<p>Meridian Manufacturing Inc. se compose de sept installations s\u0153urs, chacune desservant une grande r\u00e9gion de ventes, mais travaillant en collaboration pour b\u00e9n\u00e9ficier aux clients du monde entier. Aujourd&rsquo;hui, Meridian a \u00e9tendu ses capacit\u00e9s pour inclure plus de 600 000 pieds carr\u00e9s d&rsquo;espace de production, quatre des plus grands fours \u00e0 cuisson en poudre d&rsquo;Am\u00e9rique du Nord, une flotte de camions \u00e9tendue et plus de 1000 employ\u00e9s d\u00e9di\u00e9s \u00e0 r\u00e9pondre aux besoins de nos pr\u00e9cieux clients et distributeurs.<\/p>\n<p>Pour plus d&rsquo;informations, visitez le <a class=\"link-dark\" href=\"https:\/\/meridianmfg.com\" target=\"_new\" rel=\"noopener\">site Web de Meridian Manufacturing<\/a>.<\/p>\n","protected":false},"excerpt":{"rendered":"<p>Meridian Manufacturing Inc. s&rsquo;engage \u00e0 fabriquer les produits de stockage et de manutention les plus innovants et de la plus haute qualit\u00e9 pour desservir les industries agricoles, industrielles et p\u00e9troli\u00e8res et gazi\u00e8res. Forts de plus de 65 ans d&rsquo;exp\u00e9rience, Meridian continue de repousser les limites des normes industrielles et d&rsquo;\u00e9lever la barre. Nous cherchons continuellement [&hellip;]<\/p>\n","protected":false},"author":1,"featured_media":0,"parent":0,"menu_order":0,"comment_status":"closed","ping_status":"closed","template":"template-group.php","meta":{"_acf_changed":false,"footnotes":""},"class_list":["post-219","page","type-page","status-publish","hentry"],"acf":[],"_links":{"self":[{"href":"https:\/\/www.westmangroup.com\/fr\/wp-json\/wp\/v2\/pages\/219","targetHints":{"allow":["GET"]}}],"collection":[{"href":"https:\/\/www.westmangroup.com\/fr\/wp-json\/wp\/v2\/pages"}],"about":[{"href":"https:\/\/www.westmangroup.com\/fr\/wp-json\/wp\/v2\/types\/page"}],"author":[{"embeddable":true,"href":"https:\/\/www.westmangroup.com\/fr\/wp-json\/wp\/v2\/users\/1"}],"replies":[{"embeddable":true,"href":"https:\/\/www.westmangroup.com\/fr\/wp-json\/wp\/v2\/comments?post=219"}],"version-history":[{"count":2,"href":"https:\/\/www.westmangroup.com\/fr\/wp-json\/wp\/v2\/pages\/219\/revisions"}],"predecessor-version":[{"id":221,"href":"https:\/\/www.westmangroup.com\/fr\/wp-json\/wp\/v2\/pages\/219\/revisions\/221"}],"wp:attachment":[{"href":"https:\/\/www.westmangroup.com\/fr\/wp-json\/wp\/v2\/media?parent=219"}],"curies":[{"name":"wp","href":"https:\/\/api.w.org\/{rel}","templated":true}]}}