{"id":238,"date":"2024-12-19T21:46:33","date_gmt":"2024-12-19T21:46:33","guid":{"rendered":"https:\/\/westmangroup.com\/?page_id=238"},"modified":"2024-12-19T21:47:40","modified_gmt":"2024-12-19T21:47:40","slug":"scotia-metal-products","status":"publish","type":"page","link":"https:\/\/www.westmangroup.com\/fr\/scotia-metal-products\/","title":{"rendered":"Scotia Metal Products"},"content":{"rendered":"<p>Scotia Metal Products est un fabricant de produits de toiture et de rev\u00eatement en acier lamin\u00e9 reconnu, situ\u00e9 \u00e0 Dartmouth, en Nouvelle-\u00c9cosse. Nous sommes fiers d\u2019offrir des produits de haute qualit\u00e9 \u00e0 des prix comp\u00e9titifs, garantissant ainsi une excellente valeur \u00e0 chaque client. Notre large gamme d&rsquo;options de couleurs et de profils nous permet de r\u00e9pondre aux besoins sp\u00e9cifiques de tout projet, rendant possible la cr\u00e9ation de designs impressionnants pour une grande vari\u00e9t\u00e9 de b\u00e2timents.<\/p>\n<p>Chez Scotia Metal Products, nous proposons une gamme compl\u00e8te de panneaux de toiture et de rev\u00eatement m\u00e9talliques fabriqu\u00e9s localement, adapt\u00e9s aux applications agricoles, r\u00e9sidentielles, commerciales et industrielles. Notre engagement envers l&rsquo;artisanat de qualit\u00e9 et un service exceptionnel fait de nous un choix privil\u00e9gi\u00e9 pour les entrepreneurs et les constructeurs de toute la r\u00e9gion.<\/p>\n<p>Notre objectif est de d\u00e9passer les attentes en offrant des produits \u00e0 la fois fiables et visuellement attrayants. Que vous travailliez sur un petit projet r\u00e9sidentiel ou un grand d\u00e9veloppement commercial, Scotia Metal Products s&rsquo;engage \u00e0 fournir les solutions qui contribuent au succ\u00e8s de votre projet de construction.<\/p>\n<p>Plus d&rsquo;informations sont disponibles sur le site web de <a href=\"https:\/\/scotiametal.ca\/\" target=\"_blank\" rel=\"noopener\">Scotia Metal Products<\/a>.<\/p>\n","protected":false},"excerpt":{"rendered":"<p>Scotia Metal Products est un fabricant de produits de toiture et de rev\u00eatement en acier lamin\u00e9 reconnu, situ\u00e9 \u00e0 Dartmouth, en Nouvelle-\u00c9cosse. Nous sommes fiers d\u2019offrir des produits de haute qualit\u00e9 \u00e0 des prix comp\u00e9titifs, garantissant ainsi une excellente valeur \u00e0 chaque client. Notre large gamme d&rsquo;options de couleurs et de profils nous permet de [&hellip;]<\/p>\n","protected":false},"author":1,"featured_media":0,"parent":0,"menu_order":0,"comment_status":"closed","ping_status":"closed","template":"template-group.php","meta":{"_acf_changed":false,"footnotes":""},"class_list":["post-238","page","type-page","status-publish","hentry"],"acf":[],"_links":{"self":[{"href":"https:\/\/www.westmangroup.com\/fr\/wp-json\/wp\/v2\/pages\/238","targetHints":{"allow":["GET"]}}],"collection":[{"href":"https:\/\/www.westmangroup.com\/fr\/wp-json\/wp\/v2\/pages"}],"about":[{"href":"https:\/\/www.westmangroup.com\/fr\/wp-json\/wp\/v2\/types\/page"}],"author":[{"embeddable":true,"href":"https:\/\/www.westmangroup.com\/fr\/wp-json\/wp\/v2\/users\/1"}],"replies":[{"embeddable":true,"href":"https:\/\/www.westmangroup.com\/fr\/wp-json\/wp\/v2\/comments?post=238"}],"version-history":[{"count":4,"href":"https:\/\/www.westmangroup.com\/fr\/wp-json\/wp\/v2\/pages\/238\/revisions"}],"predecessor-version":[{"id":242,"href":"https:\/\/www.westmangroup.com\/fr\/wp-json\/wp\/v2\/pages\/238\/revisions\/242"}],"wp:attachment":[{"href":"https:\/\/www.westmangroup.com\/fr\/wp-json\/wp\/v2\/media?parent=238"}],"curies":[{"name":"wp","href":"https:\/\/api.w.org\/{rel}","templated":true}]}}