{"id":257,"date":"2024-12-19T22:00:32","date_gmt":"2024-12-19T22:00:32","guid":{"rendered":"https:\/\/westmangroup.com\/?page_id=257"},"modified":"2024-12-20T17:45:29","modified_gmt":"2024-12-20T17:45:29","slug":"westman-steel","status":"publish","type":"page","link":"https:\/\/www.westmangroup.com\/fr\/westman-steel\/","title":{"rendered":"Westman Steel"},"content":{"rendered":"<p>Westman Steel Industries est l&rsquo;un des plus grands fabricants canadiens de produits de toiture et de rev\u00eatement m\u00e9tallique, desservant les secteurs agricoles, r\u00e9sidentiels et commerciaux l\u00e9gers. Reconnue pour ses solutions de haute qualit\u00e9, l&rsquo;entreprise garantit que les propri\u00e9taires et les grandes entreprises b\u00e9n\u00e9ficient de syst\u00e8mes m\u00e9talliques durables, fiables et esth\u00e9tiquement attrayants. Forte de plusieurs d\u00e9cennies d&rsquo;exp\u00e9rience, Westman Steel a su se b\u00e2tir une r\u00e9putation de savoir-faire, d&rsquo;innovation et de satisfaction client.<\/p>\n<p>L&rsquo;entreprise exploite des installations de production \u00e0 cinq endroits au Canada : Airdrie, AB, Brandon, MB, Cambridge, ON, Langley, BC et Swift Current, SK. Chaque installation est \u00e9quip\u00e9e d&rsquo;outils de fabrication avanc\u00e9s pour r\u00e9pondre \u00e0 la demande croissante de produits m\u00e9talliques. De plus, Westman Steel poss\u00e8de des entrep\u00f4ts \u00e0 Edmonton, AB, Saskatoon, SK et Winnipeg, MB, assurant ainsi une livraison rapide tout en r\u00e9duisant les co\u00fbts de transport et l&rsquo;impact environnemental.<\/p>\n<p>Plus d&rsquo;informations sont disponibles sur le site web de <a href=\"https:\/\/westmansteel.com\/\" target=\"_blank\" rel=\"noopener\">Westman Steel<\/a>.<\/p>\n","protected":false},"excerpt":{"rendered":"<p>Westman Steel Industries est l&rsquo;un des plus grands fabricants canadiens de produits de toiture et de rev\u00eatement m\u00e9tallique, desservant les secteurs agricoles, r\u00e9sidentiels et commerciaux l\u00e9gers. Reconnue pour ses solutions de haute qualit\u00e9, l&rsquo;entreprise garantit que les propri\u00e9taires et les grandes entreprises b\u00e9n\u00e9ficient de syst\u00e8mes m\u00e9talliques durables, fiables et esth\u00e9tiquement attrayants. Forte de plusieurs d\u00e9cennies [&hellip;]<\/p>\n","protected":false},"author":1,"featured_media":0,"parent":0,"menu_order":0,"comment_status":"closed","ping_status":"closed","template":"template-group.php","meta":{"_acf_changed":false,"footnotes":""},"class_list":["post-257","page","type-page","status-publish","hentry"],"acf":[],"_links":{"self":[{"href":"https:\/\/www.westmangroup.com\/fr\/wp-json\/wp\/v2\/pages\/257","targetHints":{"allow":["GET"]}}],"collection":[{"href":"https:\/\/www.westmangroup.com\/fr\/wp-json\/wp\/v2\/pages"}],"about":[{"href":"https:\/\/www.westmangroup.com\/fr\/wp-json\/wp\/v2\/types\/page"}],"author":[{"embeddable":true,"href":"https:\/\/www.westmangroup.com\/fr\/wp-json\/wp\/v2\/users\/1"}],"replies":[{"embeddable":true,"href":"https:\/\/www.westmangroup.com\/fr\/wp-json\/wp\/v2\/comments?post=257"}],"version-history":[{"count":4,"href":"https:\/\/www.westmangroup.com\/fr\/wp-json\/wp\/v2\/pages\/257\/revisions"}],"predecessor-version":[{"id":302,"href":"https:\/\/www.westmangroup.com\/fr\/wp-json\/wp\/v2\/pages\/257\/revisions\/302"}],"wp:attachment":[{"href":"https:\/\/www.westmangroup.com\/fr\/wp-json\/wp\/v2\/media?parent=257"}],"curies":[{"name":"wp","href":"https:\/\/api.w.org\/{rel}","templated":true}]}}