{"id":279,"date":"2024-12-19T22:10:01","date_gmt":"2024-12-19T22:10:01","guid":{"rendered":"https:\/\/westmangroup.com\/?page_id=279"},"modified":"2024-12-19T22:11:01","modified_gmt":"2024-12-19T22:11:01","slug":"u-build-steel-buildings","status":"publish","type":"page","link":"https:\/\/www.westmangroup.com\/fr\/u-build-steel-buildings\/","title":{"rendered":"U-Build Steel Buildings"},"content":{"rendered":"<p>U-Build Steel Buildings propose des syst\u00e8mes de b\u00e2timents en acier de haute qualit\u00e9, abordables et personnalisables. Forts de plus de 45 ans d&rsquo;exp\u00e9rience, U-Build est reconnu pour son expertise dans la fabrication de structures en acier durables et fiables \u00e0 travers l&rsquo;Am\u00e9rique du Nord et au-del\u00e0. Leurs b\u00e2timents sont con\u00e7us pour \u00eatre \u00e9conomiques, \u00e9cologiques et facilement modifiables afin de r\u00e9pondre aux besoins sp\u00e9cifiques des clients.<\/p>\n<p>Les b\u00e2timents en acier de U-Build sont exp\u00e9di\u00e9s avec tous les composants n\u00e9cessaires, assurant ainsi un processus d&rsquo;assemblage simple et efficace. Les b\u00e2timents de l&rsquo;entreprise sont con\u00e7us pour offrir des plans d&rsquo;\u00e9tage spacieux, avec de grandes port\u00e9es et des murs \u00e9lev\u00e9s, ce qui les rend id\u00e9aux pour une large gamme d&rsquo;applications. Les ing\u00e9nieurs internes de U-Build offrent \u00e9galement des services de conception personnalis\u00e9e pour toutes les extensions ou ajouts dont vous pourriez avoir besoin.<\/p>\n<p>L&rsquo;acier est un mat\u00e9riau incroyablement durable qui n\u00e9cessite peu d&rsquo;entretien et est r\u00e9sistant aux probl\u00e8mes tels que le gauchissement ou la fissuration. Contrairement au bois, les structures en acier sont moins sujettes \u00e0 la d\u00e9t\u00e9rioration et peuvent \u00eatre prot\u00e9g\u00e9es contre la corrosion. De plus, les b\u00e2timents en acier sont rapides \u00e0 \u00e9riger, avec des projets g\u00e9n\u00e9ralement achev\u00e9s en une fraction du temps qu&rsquo;il faudrait avec d&rsquo;autres mat\u00e9riaux. L&rsquo;entreprise met \u00e9galement l&rsquo;accent sur la durabilit\u00e9 en utilisant de l&rsquo;acier recyclable et en maintenant des pratiques de construction propres et \u00e0 faible \u00e9mission de d\u00e9chets.<\/p>\n<p>Pour plus d&rsquo;informations, visitez le site web de <a href=\"https:\/\/ubuildsb.com\/\" target=\"_new\" rel=\"noopener\">U-Build Steel Buildings<\/a>.<\/p>\n","protected":false},"excerpt":{"rendered":"<p>U-Build Steel Buildings propose des syst\u00e8mes de b\u00e2timents en acier de haute qualit\u00e9, abordables et personnalisables. Forts de plus de 45 ans d&rsquo;exp\u00e9rience, U-Build est reconnu pour son expertise dans la fabrication de structures en acier durables et fiables \u00e0 travers l&rsquo;Am\u00e9rique du Nord et au-del\u00e0. Leurs b\u00e2timents sont con\u00e7us pour \u00eatre \u00e9conomiques, \u00e9cologiques et [&hellip;]<\/p>\n","protected":false},"author":1,"featured_media":0,"parent":0,"menu_order":0,"comment_status":"closed","ping_status":"closed","template":"template-group.php","meta":{"_acf_changed":false,"footnotes":""},"class_list":["post-279","page","type-page","status-publish","hentry"],"acf":[],"_links":{"self":[{"href":"https:\/\/www.westmangroup.com\/fr\/wp-json\/wp\/v2\/pages\/279","targetHints":{"allow":["GET"]}}],"collection":[{"href":"https:\/\/www.westmangroup.com\/fr\/wp-json\/wp\/v2\/pages"}],"about":[{"href":"https:\/\/www.westmangroup.com\/fr\/wp-json\/wp\/v2\/types\/page"}],"author":[{"embeddable":true,"href":"https:\/\/www.westmangroup.com\/fr\/wp-json\/wp\/v2\/users\/1"}],"replies":[{"embeddable":true,"href":"https:\/\/www.westmangroup.com\/fr\/wp-json\/wp\/v2\/comments?post=279"}],"version-history":[{"count":2,"href":"https:\/\/www.westmangroup.com\/fr\/wp-json\/wp\/v2\/pages\/279\/revisions"}],"predecessor-version":[{"id":281,"href":"https:\/\/www.westmangroup.com\/fr\/wp-json\/wp\/v2\/pages\/279\/revisions\/281"}],"wp:attachment":[{"href":"https:\/\/www.westmangroup.com\/fr\/wp-json\/wp\/v2\/media?parent=279"}],"curies":[{"name":"wp","href":"https:\/\/api.w.org\/{rel}","templated":true}]}}