{"id":91,"date":"2024-12-18T16:19:52","date_gmt":"2024-12-18T16:19:52","guid":{"rendered":"https:\/\/westmangroup.com\/?page_id=91"},"modified":"2025-04-15T17:42:25","modified_gmt":"2025-04-15T17:42:25","slug":"politique-daccessibilite","status":"publish","type":"page","link":"https:\/\/www.westmangroup.com\/fr\/politique-daccessibilite\/","title":{"rendered":"Politique d&rsquo;accessibilit\u00e9"},"content":{"rendered":"<h2>Politique d&rsquo;accessibilit\u00e9 du contenu Web du groupe WGI Westman<\/h2>\n<p>Nous nous engageons \u00e0 garantir l\u2019accessibilit\u00e9 de notre site Web pour tous les utilisateurs. Nous avons adopt\u00e9 les R\u00e8gles pour l\u2019accessibilit\u00e9 des contenus Web (WCAG) version 2.0 Niveau AA comme norme pour l\u2019accessibilit\u00e9 de notre site, et nous nous effor\u00e7ons activement d\u2019assurer une conformit\u00e9 substantielle avec cette norme dans toute la mesure du possible. Nous travaillons continuellement \u00e0 am\u00e9liorer l\u2019accessibilit\u00e9 de notre site gr\u00e2ce \u00e0 des mises \u00e0 jour r\u00e9guli\u00e8res. Si vous rencontrez des difficult\u00e9s \u00e0 acc\u00e9der \u00e0 notre site Web ou \u00e0 l\u2019utiliser, n\u2019h\u00e9sitez pas \u00e0 nous contacter \u00e0 l\u2019adresse suivante : <a href=\"mailto:webmaster@westmangroup.com\">webmaster@westmangroup.com<\/a>.<\/p>\n<p>La politique d&rsquo;accessibilit\u00e9 de WGI pour le Manitoba est disponible sur demande. Pour en obtenir une copie, veuillez communiquer avec <a href=\"mailto:Jayson.verbong@westmangroup.com\">Jayson.verbong@westmangroup.com<\/a>.<\/p>\n","protected":false},"excerpt":{"rendered":"<p>Politique d&rsquo;accessibilit\u00e9 du contenu Web du groupe WGI Westman Nous nous engageons \u00e0 garantir l\u2019accessibilit\u00e9 de notre site Web pour tous les utilisateurs. Nous avons adopt\u00e9 les R\u00e8gles pour l\u2019accessibilit\u00e9 des contenus Web (WCAG) version 2.0 Niveau AA comme norme pour l\u2019accessibilit\u00e9 de notre site, et nous nous effor\u00e7ons activement d\u2019assurer une conformit\u00e9 substantielle avec [&hellip;]<\/p>\n","protected":false},"author":1,"featured_media":0,"parent":0,"menu_order":0,"comment_status":"closed","ping_status":"closed","template":"template-policies.php","meta":{"_acf_changed":false,"footnotes":""},"class_list":["post-91","page","type-page","status-publish","hentry"],"acf":[],"_links":{"self":[{"href":"https:\/\/www.westmangroup.com\/fr\/wp-json\/wp\/v2\/pages\/91","targetHints":{"allow":["GET"]}}],"collection":[{"href":"https:\/\/www.westmangroup.com\/fr\/wp-json\/wp\/v2\/pages"}],"about":[{"href":"https:\/\/www.westmangroup.com\/fr\/wp-json\/wp\/v2\/types\/page"}],"author":[{"embeddable":true,"href":"https:\/\/www.westmangroup.com\/fr\/wp-json\/wp\/v2\/users\/1"}],"replies":[{"embeddable":true,"href":"https:\/\/www.westmangroup.com\/fr\/wp-json\/wp\/v2\/comments?post=91"}],"version-history":[{"count":2,"href":"https:\/\/www.westmangroup.com\/fr\/wp-json\/wp\/v2\/pages\/91\/revisions"}],"predecessor-version":[{"id":306,"href":"https:\/\/www.westmangroup.com\/fr\/wp-json\/wp\/v2\/pages\/91\/revisions\/306"}],"wp:attachment":[{"href":"https:\/\/www.westmangroup.com\/fr\/wp-json\/wp\/v2\/media?parent=91"}],"curies":[{"name":"wp","href":"https:\/\/api.w.org\/{rel}","templated":true}]}}