{"id":95,"date":"2024-12-18T16:32:10","date_gmt":"2024-12-18T16:32:10","guid":{"rendered":"https:\/\/westmangroup.com\/?page_id=95"},"modified":"2024-12-18T16:40:58","modified_gmt":"2024-12-18T16:40:58","slug":"a-propos-de-nous","status":"publish","type":"page","link":"https:\/\/www.westmangroup.com\/fr\/a-propos-de-nous\/","title":{"rendered":"\u00c0 propos de nous"},"content":{"rendered":"<p>Depuis 1976, avec un seul moulin et une vision persistante ax\u00e9e sur le service \u00e0 la client\u00e8le et le bien-\u00eatre des employ\u00e9s, Russ Edwards a fond\u00e9 WGI Westman Group Inc. (WGI) et en a fait l&rsquo;un des plus grands fabricants de produits en acier du Canada. Aujourd&rsquo;hui, avec 2 000 employ\u00e9s talentueux et de confiance, dans 79 endroits au Canada et aux \u00c9tats-Unis, nous continuons de cro\u00eetre organiquement et par acquisitions, permettant aux employ\u00e9s de r\u00e9aliser leur plein potentiel tandis que nous dirigeons WGI vers de nouveaux sommets.<\/p>\n<p><strong>Plus de quarante ans de vision, de pers\u00e9v\u00e9rance et de croissance<\/strong><\/p>\n<p><strong>Ann\u00e9es 1970<\/strong> \u2013 Russ Edwards fonde Westman Culvert &amp; Metals Co Ltd (aujourd&rsquo;hui Armtec Inc.) \u00e0 Winnipeg, Manitoba, Canada, et commence avec la construction de tuyaux en m\u00e9tal rivet\u00e9s. Le formage \u00e0 rouleaux de toitures et de bardages en acier ondul\u00e9 suit peu apr\u00e8s sous le nom de Westman Steel.<\/p>\n<p><strong>Ann\u00e9es 1980<\/strong> \u2013 Behlen Industries, le plus grand fabricant de b\u00e2timents en acier pr\u00e9fabriqu\u00e9 au Canada, est acquis pour compl\u00e9ter davantage l&rsquo;offre de produits en acier de WGI.<\/p>\n<p><strong>Ann\u00e9es 1990<\/strong> \u2013 Westman Steel Industries d\u00e9place ses op\u00e9rations de formage \u00e0 rouleaux du Manitoba de Winnipeg \u00e0 Brandon et \u00e9tend ses activit\u00e9s \u00e0 Calgary, AB et Langley, BC. SPIR-L-OK (aujourd&rsquo;hui Armtec Inc.) est acquis, ajoutant des installations de production de tuyaux \u00e0 Langley, BC; Dawson Creek, BC; Genelle, BC; et Saskatoon, SK.<\/p>\n<p><strong>Ann\u00e9es 2000<\/strong> \u2013 Meridian Industries, Wheatland Bins et Friesen USA sont acquis, ajoutant des installations de production de silos \u00e0 parois lisses en acier \u00e0 Winkler, MB; Lethbridge, AB; Camrose, AB; ainsi qu&rsquo;une usine de transport de semences en vrac \u00e0 Storm Lake, Iowa. Sakundiak Equipment et Hawes Agro sont ensuite acquis, ajoutant une vis de haute qualit\u00e9 et un silo \u00e0 fond plat en acier ondul\u00e9 \u00e0 la nouvelle gamme de produits de Meridian Manufacturing Inc.<\/p>\n<p>Des installations de production de tuyaux sont ajout\u00e9es \u00e0 Regina, SK; Prince George, BC; Grand Prairie, AB; Ponoka, AB et Orangeville, ON avec l&rsquo;acquisition de Steelcor, FSI Culverts et Canada Culvert.<\/p>\n<p><strong>Ann\u00e9es 2010<\/strong> \u2013 En plus de lancer une ligne robotis\u00e9e de tuyaux en acier structur\u00e9s pour produire des tuyaux multi-plaqu\u00e9s pour les ponts et les passages souterrains, WGI acquiert les divisions de drainage en acier et en plastique d&rsquo;Armtec. Cela ajoute des installations de vente et de production \u00e0 Prince George, BC; Nanaimo, BC; Calgary, AB; Red Water, AB; Saskatoon, SK; Winnipeg, MB; Guelph, ON; Peterborough, ON; Thunder Bay, ON; Sudbury, ON; Woodstock, ON; Orangeville, ON; Walkerton, ON; St. Clet, PQ; St. Augustine-de-Desmaures, PQ; Bishop\u2019s Falls, NFLD et St. John\u2019s, NFLD.<\/p>\n<p>Westman Steel continue d\u2019expansion avec l\u2019acquisition de TS Metals \u00e0 Swift Current, AB et une nouvelle installation de production \u00e0 Cambridge, ON.<\/p>\n<p>Meridian acquiert Convey-All Industries, Norstar Manufacturing, Elias Reliabelt et Harvest International, \u00e9tendant l\u2019offre de produits Bins, Conveyors et Tenders pour Meridian et int\u00e9grant la production avec des sites \u00e0 Morden, Morris et Winkler, MB.<\/p>\n<p>WGI acquiert EMSIPS Ltd (aujourd&rsquo;hui Artspan), un fabricant de panneaux en acier isol\u00e9s pour des logements modulaires faciles \u00e0 assembler, et des t\u00e9l\u00e9-bureaux \u00e0 Winkler, MB.<\/p>\n<p><strong>Ann\u00e9es 2020<\/strong> \u2013 Westman Steel acquiert Scotia Metal Products Inc. pour s\u2019\u00e9tendre dans l\u2019Atlantique canadien avec une installation de production \u00e0 Halifax, NS.<\/p>\n","protected":false},"excerpt":{"rendered":"<p>Depuis 1976, avec un seul moulin et une vision persistante ax\u00e9e sur le service \u00e0 la client\u00e8le et le bien-\u00eatre des employ\u00e9s, Russ Edwards a fond\u00e9 WGI Westman Group Inc. (WGI) et en a fait l&rsquo;un des plus grands fabricants de produits en acier du Canada. Aujourd&rsquo;hui, avec 2 000 employ\u00e9s talentueux et de confiance, [&hellip;]<\/p>\n","protected":false},"author":1,"featured_media":0,"parent":0,"menu_order":0,"comment_status":"closed","ping_status":"closed","template":"template-policies.php","meta":{"_acf_changed":false,"footnotes":""},"class_list":["post-95","page","type-page","status-publish","hentry"],"acf":[],"_links":{"self":[{"href":"https:\/\/www.westmangroup.com\/fr\/wp-json\/wp\/v2\/pages\/95","targetHints":{"allow":["GET"]}}],"collection":[{"href":"https:\/\/www.westmangroup.com\/fr\/wp-json\/wp\/v2\/pages"}],"about":[{"href":"https:\/\/www.westmangroup.com\/fr\/wp-json\/wp\/v2\/types\/page"}],"author":[{"embeddable":true,"href":"https:\/\/www.westmangroup.com\/fr\/wp-json\/wp\/v2\/users\/1"}],"replies":[{"embeddable":true,"href":"https:\/\/www.westmangroup.com\/fr\/wp-json\/wp\/v2\/comments?post=95"}],"version-history":[{"count":3,"href":"https:\/\/www.westmangroup.com\/fr\/wp-json\/wp\/v2\/pages\/95\/revisions"}],"predecessor-version":[{"id":99,"href":"https:\/\/www.westmangroup.com\/fr\/wp-json\/wp\/v2\/pages\/95\/revisions\/99"}],"wp:attachment":[{"href":"https:\/\/www.westmangroup.com\/fr\/wp-json\/wp\/v2\/media?parent=95"}],"curies":[{"name":"wp","href":"https:\/\/api.w.org\/{rel}","templated":true}]}}